{"id":20973,"date":"2024-04-22T12:31:56","date_gmt":"2024-04-22T12:31:56","guid":{"rendered":"https:\/\/aimdoll.com\/product\/realistic-child-sized-silicone-little-ass-sex-doll\/"},"modified":"2024-05-06T06:20:39","modified_gmt":"2024-05-06T06:20:39","slug":"realistic-child-sized-silicone-little-ass-sex-doll","status":"publish","type":"product","link":"https:\/\/sexpuppexxx.com\/de\/product\/realistische-sexpuppe-aus-silikon-in-kindergrose-mit-kleinem-hintern\/","title":{"rendered":"Realistische Sexpuppe aus Silikon in Kindergr\u00f6\u00dfe mit kleinem Hintern"},"content":{"rendered":"<p>Die Sexpuppe in Kindergr\u00f6\u00dfe \u00fcberrascht Sie v\u00f6llig, indem sie Ihnen einen Blowjob gibt, der Sie zum Abspritzen bringt. W\u00e4hrend Sie eine Sexpuppe f\u00fcr Kinder ficken, k\u00f6nnen Sie mit Pornos mit Liebespuppen f\u00fcr kleine Jungen \u00fcben. Die realistische Sexpuppe mit den kleinen br\u00fcnetten Titten gibt Ihnen die Erf\u00fcllung, Ihre Fantasien auszuleben. Das Beste daran ist, dass Sie Ihre Bewegungen nie erkl\u00e4ren m\u00fcssen, solange sie Ihnen das bringen, wonach Sie sich sehnen.<\/p>\n<p>&nbsp;<\/p>\n<p>Die K\u00f6rperteile der Mini-Liebespuppe aus Silikon sind so gebaut, dass sie Lust auf mehr machen. Bei der Sexpuppe gibt es Raum f\u00fcr Verbesserungen. Sie k\u00f6nnen weiter \u00fcben, w\u00e4hrend Sie das Sexpuppenkind genie\u00dfen. Keine sexuellen M\u00e4ngel k\u00f6nnen Sie von der nwdoll-Sexpuppe fernhalten.<\/p>\n<p>&nbsp;<\/p>\n<p>Die junge Anal-Sexpuppe von YouTube enth\u00e4lt Videos, in denen Analsex erkl\u00e4rt wird. Die kurvige 140-cm-Sexpuppe befriedigt und bereitet Ihnen enorme Empfindungen. Der Besitz der Sexpuppe mit dem zerst\u00f6rten kleinen Hintern ist f\u00fcr jeden mit jeder sexuellen Orientierung von Vorteil.<\/p>\n<p>&nbsp;<\/p>\n<p>&nbsp;<\/p>\n\t\t<div data-elementor-type=\"section\" data-elementor-id=\"15956\" class=\"elementor elementor-15956\" data-elementor-post-type=\"elementor_library\">\n\t\t\t<div class=\"wd-negative-gap elementor-element elementor-element-e744d45 e-flex e-con-boxed e-con e-parent\" data-id=\"e744d45\" data-element_type=\"container\">\n\t\t\t\t\t<div class=\"e-con-inner\">\n\t\t<div class=\"wd-negative-gap elementor-element elementor-element-2abc4734 e-flex e-con-boxed e-con e-child\" data-id=\"2abc4734\" data-element_type=\"container\">\n\t\t\t\t\t<div class=\"e-con-inner\">\n\t\t<div class=\"wd-negative-gap elementor-element elementor-element-e4e90d0 e-flex e-con-boxed e-con e-child\" data-id=\"e4e90d0\" data-element_type=\"container\">\n\t\t\t\t\t<div class=\"e-con-inner\">\n\t\t\t\t<div class=\"elementor-element elementor-element-2191b1a4 elementor-cta--skin-cover elementor-animated-content elementor-bg-transform elementor-bg-transform-zoom-in elementor-widget elementor-widget-call-to-action\" data-id=\"2191b1a4\" data-element_type=\"widget\" data-widget_type=\"call-to-action.default\">\n\t\t\t\t<div class=\"elementor-widget-container\">\n\t\t\t\t\t<a class=\"elementor-cta\" href=\"https:\/\/sexpuppexxx.com\/de\/sexpuppenbilder\/\">\n\t\t\t\t\t<div class=\"elementor-cta__bg-wrapper\">\n\t\t\t\t<div class=\"elementor-cta__bg elementor-bg\" style=\"background-image: url(https:\/\/sexpuppexxx.com\/wp-content\/uploads\/2024\/04\/redirect.jpg);\" role=\"img\" aria-label=\"umleiten\"><\/div>\n\t\t\t\t<div class=\"elementor-cta__bg-overlay\"><\/div>\n\t\t\t<\/div>\n\t\t\t\t\t\t\t<div class=\"elementor-cta__content\">\n\t\t\t\t\n\t\t\t\t\t\t\t\t\t<h2 class=\"elementor-cta__title elementor-cta__content-item elementor-content-item elementor-animated-item--grow\">\n\t\t\t\t\t\t2500+ kleine Mini-Sexpuppen <\/br>sexdollxxx.com\t\t\t\t\t<\/h2>\n\t\t\t\t\n\t\t\t\t\t\t\t\t\t<div class=\"elementor-cta__description elementor-cta__content-item elementor-content-item elementor-animated-item--grow\">\n\t\t\t\t\t\t40cm, 60cm, 80cm, 100cm, 120cm, 140cm\t\t\t\t\t<\/div>\n\t\t\t\t\n\t\t\t\t\t\t\t\t\t<div class=\"elementor-cta__button-wrapper elementor-cta__content-item elementor-content-item elementor-animated-item--grow\">\n\t\t\t\t\t<span class=\"elementor-cta__button elementor-button elementor-size-md\">\n\t\t\t\t\t\tJetzt einkaufen\t\t\t\t\t<\/span>\n\t\t\t\t\t<\/div>\n\t\t\t\t\t\t\t<\/div>\n\t\t\t\t\t\t<\/a>\n\t\t\t\t<\/div>\n\t\t\t\t<\/div>\n\t\t\t\t\t<\/div>\n\t\t\t\t<\/div>\n\t\t\t\t\t<\/div>\n\t\t\t\t<\/div>\n\t\t\t\t\t<\/div>\n\t\t\t\t<\/div>\n\t\t\t\t<\/div>","protected":false},"excerpt":{"rendered":"<div data-elementor-type=\"section\" data-elementor-id=\"15952\" class=\"elementor elementor-15952\" data-elementor-post-type=\"elementor_library\">\n<div class=\"wd-negative-gap elementor-element elementor-element-49f97e26 e-flex e-con-boxed e-con e-parent\" data-id=\"49f97e26\" data-element_type=\"container\">\n<div class=\"e-con-inner\">\n<div class=\"wd-negative-gap elementor-element elementor-element-449b9556 e-flex e-con-boxed e-con e-child\" data-id=\"449b9556\" data-element_type=\"container\">\n<div class=\"e-con-inner\">\n<div class=\"elementor-element elementor-element-613a7c10 elementor-cta--skin-cover elementor-animated-content elementor-bg-transform elementor-bg-transform-zoom-in elementor-widget elementor-widget-call-to-action\" data-id=\"613a7c10\" data-element_type=\"widget\" data-widget_type=\"call-to-action.default\">\n<div class=\"elementor-widget-container\">\n\t\t\t<link rel=\"stylesheet\" href=\"https:\/\/sexpuppexxx.com\/wp-content\/uploads\/elementor\/css\/custom-pro-widget-call-to-action.min.css?ver=1717488893\">\t\t<a class=\"elementor-cta\" href=\"https:\/\/sexpuppexxx.com\/de\/sexpuppenbilder\/\"><\/p>\n<div class=\"elementor-cta__bg-wrapper\">\n<div class=\"elementor-cta__bg elementor-bg\" style=\"background-image: url(https:\/\/sexpuppexxx.com\/wp-content\/uploads\/2024\/04\/redirect-1.jpg);\" role=\"img\" aria-label=\"umleitung.jpg\"><\/div>\n<div class=\"elementor-cta__bg-overlay\"><\/div>\n<\/p><\/div>\n<div class=\"elementor-cta__content\">\n<h2 class=\"elementor-cta__title elementor-cta__content-item elementor-content-item elementor-animated-item--grow\">\n\t\t\t\t\t\t2500+ kleine Mini-Sexpuppen <\/br>sexdollxxx.com\t\t\t\t\t<\/h2>\n<div class=\"elementor-cta__description elementor-cta__content-item elementor-content-item elementor-animated-item--grow\">\n\t\t\t\t\t\t40cm, 60cm, 80cm, 100cm, 120cm, 140cm\t\t\t\t\t<\/div>\n<div class=\"elementor-cta__button-wrapper elementor-cta__content-item elementor-content-item elementor-animated-item--grow\">\n\t\t\t\t\t<span class=\"elementor-cta__button elementor-button elementor-size-md\"><br \/>\n\t\t\t\t\t\tJetzt einkaufen\t\t\t\t\t<\/span>\n\t\t\t\t\t<\/div>\n<\/p><\/div>\n<p>\t\t\t\t\t\t<\/a>\n\t\t\t\t<\/div>\n<\/p><\/div>\n<\/p><\/div>\n<\/p><\/div>\n<\/p><\/div>\n<\/p><\/div>\n<\/p><\/div>","protected":false},"featured_media":15950,"comment_status":"closed","ping_status":"closed","template":"","meta":[],"product_cat":[804,808,790],"product_tag":[],"aioseo_notices":[],"_links":{"self":[{"href":"https:\/\/sexpuppexxx.com\/de\/wp-json\/wp\/v2\/product\/20973"}],"collection":[{"href":"https:\/\/sexpuppexxx.com\/de\/wp-json\/wp\/v2\/product"}],"about":[{"href":"https:\/\/sexpuppexxx.com\/de\/wp-json\/wp\/v2\/types\/product"}],"replies":[{"embeddable":true,"href":"https:\/\/sexpuppexxx.com\/de\/wp-json\/wp\/v2\/comments?post=20973"}],"version-history":[{"count":2,"href":"https:\/\/sexpuppexxx.com\/de\/wp-json\/wp\/v2\/product\/20973\/revisions"}],"predecessor-version":[{"id":21637,"href":"https:\/\/sexpuppexxx.com\/de\/wp-json\/wp\/v2\/product\/20973\/revisions\/21637"}],"wp:featuredmedia":[{"embeddable":true,"href":"https:\/\/sexpuppexxx.com\/de\/wp-json\/wp\/v2\/media\/15950"}],"wp:attachment":[{"href":"https:\/\/sexpuppexxx.com\/de\/wp-json\/wp\/v2\/media?parent=20973"}],"wp:term":[{"taxonomy":"product_cat","embeddable":true,"href":"https:\/\/sexpuppexxx.com\/de\/wp-json\/wp\/v2\/product_cat?post=20973"},{"taxonomy":"product_tag","embeddable":true,"href":"https:\/\/sexpuppexxx.com\/de\/wp-json\/wp\/v2\/product_tag?post=20973"}],"curies":[{"name":"wp","href":"https:\/\/api.w.org\/{rel}","templated":true}]}}