{"id":20635,"date":"2024-04-22T12:31:25","date_gmt":"2024-04-22T12:31:25","guid":{"rendered":"https:\/\/aimdoll.com\/product\/65cm-love-flat-chested-young-real-sex-doll\/"},"modified":"2024-05-06T07:08:16","modified_gmt":"2024-05-06T07:08:16","slug":"65cm-love-flat-chested-young-real-sex-doll","status":"publish","type":"product","link":"https:\/\/sexpuppexxx.com\/de\/product\/65-cm-liebe-flachbrustige-junge-echte-sexpuppe\/","title":{"rendered":"65 cm Love flache Brust junge echte Sexpuppe"},"content":{"rendered":"<p>Der beste Weg, um ein echtes und intimes Erlebnis zu bekommen, ist die Verwendung unserer 100 cm gro\u00dfen Sexpuppe Riley. Sie ist perfekt f\u00fcr Leute, die ein Spielzeug wollen, das sich wie das echte anf\u00fchlt. Dieser Mann macht intime Dinge mit kleinen falschen Ehefrauen im Porno. Der Film wurde mit gro\u00dfer Sorgfalt erstellt, um wie eine echte Person zu wirken und sich auch so anzuf\u00fchlen. Rileys glatte Haut, ihre echten Gesichtsz\u00fcge und sexy Kurven wurden genau richtig gemacht, damit Sie sich wohlf\u00fchlen. Jeder Teil von ihr ist f\u00fcr Ihre Freude durchdacht.<\/p>\n<p>Diese 100 cm gro\u00dfe Sexpuppe ist aus robustem medizinischem Silikonmaterial gefertigt. Sie ist sicher und kann viele Male verwendet werden, ohne dass sie w\u00e4hrend des Gebrauchs kaputt geht oder Sie verletzt werden. Mit Gelenken, die sich auf verschiedene Weise beugen lassen, k\u00f6nnen Sie die Position leicht wechseln und dabei Ihre gr\u00f6\u00dften W\u00fcnsche entdecken. Holen Sie sich noch heute den besten Spielgef\u00e4hrten mit unserer wundersch\u00f6nen 65 cm gro\u00dfen Liebespuppe mit flacher Brust. Genie\u00dfen Sie grenzenloses Gl\u00fcck.<\/p>\n<p>&nbsp;<\/p>\n\t\t<div data-elementor-type=\"section\" data-elementor-id=\"15956\" class=\"elementor elementor-15956\" data-elementor-post-type=\"elementor_library\">\n\t\t\t<div class=\"wd-negative-gap elementor-element elementor-element-e744d45 e-flex e-con-boxed e-con e-parent\" data-id=\"e744d45\" data-element_type=\"container\">\n\t\t\t\t\t<div class=\"e-con-inner\">\n\t\t<div class=\"wd-negative-gap elementor-element elementor-element-2abc4734 e-flex e-con-boxed e-con e-child\" data-id=\"2abc4734\" data-element_type=\"container\">\n\t\t\t\t\t<div class=\"e-con-inner\">\n\t\t<div class=\"wd-negative-gap elementor-element elementor-element-e4e90d0 e-flex e-con-boxed e-con e-child\" data-id=\"e4e90d0\" data-element_type=\"container\">\n\t\t\t\t\t<div class=\"e-con-inner\">\n\t\t\t\t<div class=\"elementor-element elementor-element-2191b1a4 elementor-cta--skin-cover elementor-animated-content elementor-bg-transform elementor-bg-transform-zoom-in elementor-widget elementor-widget-call-to-action\" data-id=\"2191b1a4\" data-element_type=\"widget\" data-widget_type=\"call-to-action.default\">\n\t\t\t\t<div class=\"elementor-widget-container\">\n\t\t\t\t\t<a class=\"elementor-cta\" href=\"https:\/\/sexpuppexxx.com\/de\/sexpuppenbilder\/\">\n\t\t\t\t\t<div class=\"elementor-cta__bg-wrapper\">\n\t\t\t\t<div class=\"elementor-cta__bg elementor-bg\" style=\"background-image: url(https:\/\/sexpuppexxx.com\/wp-content\/uploads\/2024\/04\/redirect.jpg);\" role=\"img\" aria-label=\"umleiten\"><\/div>\n\t\t\t\t<div class=\"elementor-cta__bg-overlay\"><\/div>\n\t\t\t<\/div>\n\t\t\t\t\t\t\t<div class=\"elementor-cta__content\">\n\t\t\t\t\n\t\t\t\t\t\t\t\t\t<h2 class=\"elementor-cta__title elementor-cta__content-item elementor-content-item elementor-animated-item--grow\">\n\t\t\t\t\t\t2500+ kleine Mini-Sexpuppen <\/br>sexdollxxx.com\t\t\t\t\t<\/h2>\n\t\t\t\t\n\t\t\t\t\t\t\t\t\t<div class=\"elementor-cta__description elementor-cta__content-item elementor-content-item elementor-animated-item--grow\">\n\t\t\t\t\t\t40cm, 60cm, 80cm, 100cm, 120cm, 140cm\t\t\t\t\t<\/div>\n\t\t\t\t\n\t\t\t\t\t\t\t\t\t<div class=\"elementor-cta__button-wrapper elementor-cta__content-item elementor-content-item elementor-animated-item--grow\">\n\t\t\t\t\t<span class=\"elementor-cta__button elementor-button elementor-size-md\">\n\t\t\t\t\t\tJetzt einkaufen\t\t\t\t\t<\/span>\n\t\t\t\t\t<\/div>\n\t\t\t\t\t\t\t<\/div>\n\t\t\t\t\t\t<\/a>\n\t\t\t\t<\/div>\n\t\t\t\t<\/div>\n\t\t\t\t\t<\/div>\n\t\t\t\t<\/div>\n\t\t\t\t\t<\/div>\n\t\t\t\t<\/div>\n\t\t\t\t\t<\/div>\n\t\t\t\t<\/div>\n\t\t\t\t<\/div>","protected":false},"excerpt":{"rendered":"<div data-elementor-type=\"section\" data-elementor-id=\"15952\" class=\"elementor elementor-15952\" data-elementor-post-type=\"elementor_library\">\n<div class=\"wd-negative-gap elementor-element elementor-element-49f97e26 e-flex e-con-boxed e-con e-parent\" data-id=\"49f97e26\" data-element_type=\"container\">\n<div class=\"e-con-inner\">\n<div class=\"wd-negative-gap elementor-element elementor-element-449b9556 e-flex e-con-boxed e-con e-child\" data-id=\"449b9556\" data-element_type=\"container\">\n<div class=\"e-con-inner\">\n<div class=\"elementor-element elementor-element-613a7c10 elementor-cta--skin-cover elementor-animated-content elementor-bg-transform elementor-bg-transform-zoom-in elementor-widget elementor-widget-call-to-action\" data-id=\"613a7c10\" data-element_type=\"widget\" data-widget_type=\"call-to-action.default\">\n<div class=\"elementor-widget-container\">\n\t\t\t<link rel=\"stylesheet\" href=\"https:\/\/sexpuppexxx.com\/wp-content\/uploads\/elementor\/css\/custom-pro-widget-call-to-action.min.css?ver=1717488893\">\t\t<a class=\"elementor-cta\" href=\"https:\/\/sexpuppexxx.com\/de\/sexpuppenbilder\/\"><\/p>\n<div class=\"elementor-cta__bg-wrapper\">\n<div class=\"elementor-cta__bg elementor-bg\" style=\"background-image: url(https:\/\/sexpuppexxx.com\/wp-content\/uploads\/2024\/04\/redirect-1.jpg);\" role=\"img\" aria-label=\"umleitung.jpg\"><\/div>\n<div class=\"elementor-cta__bg-overlay\"><\/div>\n<\/p><\/div>\n<div class=\"elementor-cta__content\">\n<h2 class=\"elementor-cta__title elementor-cta__content-item elementor-content-item elementor-animated-item--grow\">\n\t\t\t\t\t\t2500+ kleine Mini-Sexpuppen <\/br>sexdollxxx.com\t\t\t\t\t<\/h2>\n<div class=\"elementor-cta__description elementor-cta__content-item elementor-content-item elementor-animated-item--grow\">\n\t\t\t\t\t\t40cm, 60cm, 80cm, 100cm, 120cm, 140cm\t\t\t\t\t<\/div>\n<div class=\"elementor-cta__button-wrapper elementor-cta__content-item elementor-content-item elementor-animated-item--grow\">\n\t\t\t\t\t<span class=\"elementor-cta__button elementor-button elementor-size-md\"><br \/>\n\t\t\t\t\t\tJetzt einkaufen\t\t\t\t\t<\/span>\n\t\t\t\t\t<\/div>\n<\/p><\/div>\n<p>\t\t\t\t\t\t<\/a>\n\t\t\t\t<\/div>\n<\/p><\/div>\n<\/p><\/div>\n<\/p><\/div>\n<\/p><\/div>\n<\/p><\/div>\n<\/p><\/div>","protected":false},"featured_media":15950,"comment_status":"closed","ping_status":"closed","template":"","meta":[],"product_cat":[796,803,797],"product_tag":[],"aioseo_notices":[],"_links":{"self":[{"href":"https:\/\/sexpuppexxx.com\/de\/wp-json\/wp\/v2\/product\/20635"}],"collection":[{"href":"https:\/\/sexpuppexxx.com\/de\/wp-json\/wp\/v2\/product"}],"about":[{"href":"https:\/\/sexpuppexxx.com\/de\/wp-json\/wp\/v2\/types\/product"}],"replies":[{"embeddable":true,"href":"https:\/\/sexpuppexxx.com\/de\/wp-json\/wp\/v2\/comments?post=20635"}],"version-history":[{"count":1,"href":"https:\/\/sexpuppexxx.com\/de\/wp-json\/wp\/v2\/product\/20635\/revisions"}],"predecessor-version":[{"id":20636,"href":"https:\/\/sexpuppexxx.com\/de\/wp-json\/wp\/v2\/product\/20635\/revisions\/20636"}],"wp:featuredmedia":[{"embeddable":true,"href":"https:\/\/sexpuppexxx.com\/de\/wp-json\/wp\/v2\/media\/15950"}],"wp:attachment":[{"href":"https:\/\/sexpuppexxx.com\/de\/wp-json\/wp\/v2\/media?parent=20635"}],"wp:term":[{"taxonomy":"product_cat","embeddable":true,"href":"https:\/\/sexpuppexxx.com\/de\/wp-json\/wp\/v2\/product_cat?post=20635"},{"taxonomy":"product_tag","embeddable":true,"href":"https:\/\/sexpuppexxx.com\/de\/wp-json\/wp\/v2\/product_tag?post=20635"}],"curies":[{"name":"wp","href":"https:\/\/api.w.org\/{rel}","templated":true}]}}