{"id":20597,"date":"2024-04-22T12:31:19","date_gmt":"2024-04-22T12:31:19","guid":{"rendered":"https:\/\/aimdoll.com\/product\/cheap-mini-silicone-small-sex-doll-tubes-90-cm\/"},"modified":"2024-05-06T07:20:44","modified_gmt":"2024-05-06T07:20:44","slug":"cheap-mini-silicone-small-sex-doll-tubes-90-cm","status":"publish","type":"product","link":"https:\/\/sexpuppexxx.com\/de\/product\/billige-mini-silikon-kleine-sexpuppe-rohre-90-cm\/","title":{"rendered":"G\u00fcnstige Mini Silikon kleine Sexpuppe Rohre 90 cm"},"content":{"rendered":"<p>Die Akane Mini Sex Doll ist eine neue 90 cm gro\u00dfe Sexpuppe, die Ihren Spa\u00df noch mehr steigern soll. Dieses kleine Sexspielzeug hei\u00dft Paizuri. Es hat realistische Eigenschaften und f\u00fchlt sich echt an, sodass Sie jedes Mal, wenn Sie private Momente mit ihm verbringen, ein unglaubliches Erlebnis haben. Die g\u00fcnstige Eigenschaft einer kleinen Sexpuppe macht noch mehr Spa\u00df, denn dieses kleine Spielzeug bietet endlose M\u00f6glichkeiten f\u00fcr totales Vergn\u00fcgen.<\/p>\n<p>&nbsp;<\/p>\n<p>Die junge Liebespuppe Loli ist aus gutem TPE-Material gefertigt und von geschickten Arbeitern hergestellt. Sie ist robust, f\u00fchlt sich aber weich an. Sie bietet bei jeder Verwendung ein sch\u00f6nes und befriedigendes Erlebnis. Diese Sexpuppe mit kleinen Titten l\u00e4sst sich leicht verstauen, ohne auf gute Qualit\u00e4t verzichten zu m\u00fcssen. Sie ist nicht gro\u00df, sodass Sie sie gut verstecken k\u00f6nnen, aber trotzdem viel Spa\u00df beim Benutzen haben.<\/p>\n<p>&nbsp;<\/p>\n\t\t<div data-elementor-type=\"section\" data-elementor-id=\"15956\" class=\"elementor elementor-15956\" data-elementor-post-type=\"elementor_library\">\n\t\t\t<div class=\"wd-negative-gap elementor-element elementor-element-e744d45 e-flex e-con-boxed e-con e-parent\" data-id=\"e744d45\" data-element_type=\"container\">\n\t\t\t\t\t<div class=\"e-con-inner\">\n\t\t<div class=\"wd-negative-gap elementor-element elementor-element-2abc4734 e-flex e-con-boxed e-con e-child\" data-id=\"2abc4734\" data-element_type=\"container\">\n\t\t\t\t\t<div class=\"e-con-inner\">\n\t\t<div class=\"wd-negative-gap elementor-element elementor-element-e4e90d0 e-flex e-con-boxed e-con e-child\" data-id=\"e4e90d0\" data-element_type=\"container\">\n\t\t\t\t\t<div class=\"e-con-inner\">\n\t\t\t\t<div class=\"elementor-element elementor-element-2191b1a4 elementor-cta--skin-cover elementor-animated-content elementor-bg-transform elementor-bg-transform-zoom-in elementor-widget elementor-widget-call-to-action\" data-id=\"2191b1a4\" data-element_type=\"widget\" data-widget_type=\"call-to-action.default\">\n\t\t\t\t<div class=\"elementor-widget-container\">\n\t\t\t\t\t<a class=\"elementor-cta\" href=\"https:\/\/sexpuppexxx.com\/de\/sexpuppenbilder\/\">\n\t\t\t\t\t<div class=\"elementor-cta__bg-wrapper\">\n\t\t\t\t<div class=\"elementor-cta__bg elementor-bg\" style=\"background-image: url(https:\/\/sexpuppexxx.com\/wp-content\/uploads\/2024\/04\/redirect.jpg);\" role=\"img\" aria-label=\"umleiten\"><\/div>\n\t\t\t\t<div class=\"elementor-cta__bg-overlay\"><\/div>\n\t\t\t<\/div>\n\t\t\t\t\t\t\t<div class=\"elementor-cta__content\">\n\t\t\t\t\n\t\t\t\t\t\t\t\t\t<h2 class=\"elementor-cta__title elementor-cta__content-item elementor-content-item elementor-animated-item--grow\">\n\t\t\t\t\t\t2500+ kleine Mini-Sexpuppen <\/br>sexdollxxx.com\t\t\t\t\t<\/h2>\n\t\t\t\t\n\t\t\t\t\t\t\t\t\t<div class=\"elementor-cta__description elementor-cta__content-item elementor-content-item elementor-animated-item--grow\">\n\t\t\t\t\t\t40cm, 60cm, 80cm, 100cm, 120cm, 140cm\t\t\t\t\t<\/div>\n\t\t\t\t\n\t\t\t\t\t\t\t\t\t<div class=\"elementor-cta__button-wrapper elementor-cta__content-item elementor-content-item elementor-animated-item--grow\">\n\t\t\t\t\t<span class=\"elementor-cta__button elementor-button elementor-size-md\">\n\t\t\t\t\t\tJetzt einkaufen\t\t\t\t\t<\/span>\n\t\t\t\t\t<\/div>\n\t\t\t\t\t\t\t<\/div>\n\t\t\t\t\t\t<\/a>\n\t\t\t\t<\/div>\n\t\t\t\t<\/div>\n\t\t\t\t\t<\/div>\n\t\t\t\t<\/div>\n\t\t\t\t\t<\/div>\n\t\t\t\t<\/div>\n\t\t\t\t\t<\/div>\n\t\t\t\t<\/div>\n\t\t\t\t<\/div>","protected":false},"excerpt":{"rendered":"<div data-elementor-type=\"section\" data-elementor-id=\"15952\" class=\"elementor elementor-15952\" data-elementor-post-type=\"elementor_library\">\n<div class=\"wd-negative-gap elementor-element elementor-element-49f97e26 e-flex e-con-boxed e-con e-parent\" data-id=\"49f97e26\" data-element_type=\"container\">\n<div class=\"e-con-inner\">\n<div class=\"wd-negative-gap elementor-element elementor-element-449b9556 e-flex e-con-boxed e-con e-child\" data-id=\"449b9556\" data-element_type=\"container\">\n<div class=\"e-con-inner\">\n<div class=\"elementor-element elementor-element-613a7c10 elementor-cta--skin-cover elementor-animated-content elementor-bg-transform elementor-bg-transform-zoom-in elementor-widget elementor-widget-call-to-action\" data-id=\"613a7c10\" data-element_type=\"widget\" data-widget_type=\"call-to-action.default\">\n<div class=\"elementor-widget-container\">\n\t\t\t<link rel=\"stylesheet\" href=\"https:\/\/sexpuppexxx.com\/wp-content\/uploads\/elementor\/css\/custom-pro-widget-call-to-action.min.css?ver=1717488893\">\t\t<a class=\"elementor-cta\" href=\"https:\/\/sexpuppexxx.com\/de\/sexpuppenbilder\/\"><\/p>\n<div class=\"elementor-cta__bg-wrapper\">\n<div class=\"elementor-cta__bg elementor-bg\" style=\"background-image: url(https:\/\/sexpuppexxx.com\/wp-content\/uploads\/2024\/04\/redirect-1.jpg);\" role=\"img\" aria-label=\"umleitung.jpg\"><\/div>\n<div class=\"elementor-cta__bg-overlay\"><\/div>\n<\/p><\/div>\n<div class=\"elementor-cta__content\">\n<h2 class=\"elementor-cta__title elementor-cta__content-item elementor-content-item elementor-animated-item--grow\">\n\t\t\t\t\t\t2500+ kleine Mini-Sexpuppen <\/br>sexdollxxx.com\t\t\t\t\t<\/h2>\n<div class=\"elementor-cta__description elementor-cta__content-item elementor-content-item elementor-animated-item--grow\">\n\t\t\t\t\t\t40cm, 60cm, 80cm, 100cm, 120cm, 140cm\t\t\t\t\t<\/div>\n<div class=\"elementor-cta__button-wrapper elementor-cta__content-item elementor-content-item elementor-animated-item--grow\">\n\t\t\t\t\t<span class=\"elementor-cta__button elementor-button elementor-size-md\"><br \/>\n\t\t\t\t\t\tJetzt einkaufen\t\t\t\t\t<\/span>\n\t\t\t\t\t<\/div>\n<\/p><\/div>\n<p>\t\t\t\t\t\t<\/a>\n\t\t\t\t<\/div>\n<\/p><\/div>\n<\/p><\/div>\n<\/p><\/div>\n<\/p><\/div>\n<\/p><\/div>\n<\/p><\/div>","protected":false},"featured_media":15950,"comment_status":"closed","ping_status":"closed","template":"","meta":[],"product_cat":[805,785,790],"product_tag":[],"aioseo_notices":[],"_links":{"self":[{"href":"https:\/\/sexpuppexxx.com\/de\/wp-json\/wp\/v2\/product\/20597"}],"collection":[{"href":"https:\/\/sexpuppexxx.com\/de\/wp-json\/wp\/v2\/product"}],"about":[{"href":"https:\/\/sexpuppexxx.com\/de\/wp-json\/wp\/v2\/types\/product"}],"replies":[{"embeddable":true,"href":"https:\/\/sexpuppexxx.com\/de\/wp-json\/wp\/v2\/comments?post=20597"}],"version-history":[{"count":1,"href":"https:\/\/sexpuppexxx.com\/de\/wp-json\/wp\/v2\/product\/20597\/revisions"}],"predecessor-version":[{"id":20598,"href":"https:\/\/sexpuppexxx.com\/de\/wp-json\/wp\/v2\/product\/20597\/revisions\/20598"}],"wp:featuredmedia":[{"embeddable":true,"href":"https:\/\/sexpuppexxx.com\/de\/wp-json\/wp\/v2\/media\/15950"}],"wp:attachment":[{"href":"https:\/\/sexpuppexxx.com\/de\/wp-json\/wp\/v2\/media?parent=20597"}],"wp:term":[{"taxonomy":"product_cat","embeddable":true,"href":"https:\/\/sexpuppexxx.com\/de\/wp-json\/wp\/v2\/product_cat?post=20597"},{"taxonomy":"product_tag","embeddable":true,"href":"https:\/\/sexpuppexxx.com\/de\/wp-json\/wp\/v2\/product_tag?post=20597"}],"curies":[{"name":"wp","href":"https:\/\/api.w.org\/{rel}","templated":true}]}}