{"id":20537,"date":"2024-04-22T12:31:12","date_gmt":"2024-04-22T12:31:12","guid":{"rendered":"https:\/\/aimdoll.com\/product\/aliexpress-tiny-love-sex-doll-flat-chest\/"},"modified":"2024-05-14T07:53:43","modified_gmt":"2024-05-14T07:53:43","slug":"aliexpress-tiny-love-sex-doll-flat-chest","status":"publish","type":"product","link":"https:\/\/sexpuppexxx.com\/de\/product\/aliexpress-winzige-liebe-sexpuppe-flache-brust\/","title":{"rendered":"AliExpress winzige Liebessexpuppe mit flacher Brust"},"content":{"rendered":"<p>Wenn Sie etwas suchen, mit dem Sie Zeit allein verbringen k\u00f6nnen, ist es eine gro\u00dfartige Idee, sich eine kleine Liebespuppe asiatischer Herkunft zuzulegen. Manche Menschen k\u00f6nnten sogar s\u00fcchtig machen. Diese Puppen k\u00f6nnen ein Gef\u00fchl von Geborgenheit und Kameradschaft vermitteln, Dinge, die selbst Menschen manchmal nicht geben k\u00f6nnen. Es besteht kein Druck auf die Person, so zu reagieren oder zu handeln, wie man es erwarten w\u00fcrde, was sie f\u00fcr manche zu einer besseren Option machen kann. Diese kleine Brustgr\u00f6\u00dfe von 120 cm sorgt f\u00fcr ein besonders sinnliches Gef\u00fchl w\u00e4hrend Ihrer Erfahrung mit der Furtanari-Sexpuppe. Sie erfordert wahrscheinlich sorgf\u00e4ltige Liebe zum Detail, da das Verkaufsargument definitiv der Detailgrad ist, der in die Schaffung eines realistischen Gef\u00fchls und Aussehens einflie\u00dft. Unsere Aliexpress-Sexpuppe mit flacher Brust ist aus hochwertigen Materialien gefertigt und die Proportionen der Puppe entsprechen dem menschlichen K\u00f6rper, was ein echtes und genaues K\u00f6rpergef\u00fchl vermittelt. Sie ist perfekt f\u00fcr alle Ihre sexuellen W\u00fcnsche.<\/p>\n<p>&nbsp;<\/p>\n<p>Ich bevorzuge eine Puppe mit realistischem Aussehen und einer Haut, die sich angenehm weich anf\u00fchlt, sodass ich mich beim Spielen kuschelig f\u00fchle. Sie ist gut, um alleine zu spielen oder bei Rollenspielen mit anderen zusammen zu sein. Unsere Yumi Mini-Sexpuppe mit einer Gr\u00f6\u00dfe von 100 cm wird Ihre sexuellen Abenteuer garantiert angenehm machen. Sexpuppen werden immer besser und das Beste daran ist, dass sie erschwinglich werden und endlose M\u00f6glichkeiten zur Erkundung bieten.<\/p>\n<p>&nbsp;<\/p>\n\t\t<div data-elementor-type=\"section\" data-elementor-id=\"15956\" class=\"elementor elementor-15956\" data-elementor-post-type=\"elementor_library\">\n\t\t\t<div class=\"wd-negative-gap elementor-element elementor-element-e744d45 e-flex e-con-boxed e-con e-parent\" data-id=\"e744d45\" data-element_type=\"container\">\n\t\t\t\t\t<div class=\"e-con-inner\">\n\t\t<div class=\"wd-negative-gap elementor-element elementor-element-2abc4734 e-flex e-con-boxed e-con e-child\" data-id=\"2abc4734\" data-element_type=\"container\">\n\t\t\t\t\t<div class=\"e-con-inner\">\n\t\t<div class=\"wd-negative-gap elementor-element elementor-element-e4e90d0 e-flex e-con-boxed e-con e-child\" data-id=\"e4e90d0\" data-element_type=\"container\">\n\t\t\t\t\t<div class=\"e-con-inner\">\n\t\t\t\t<div class=\"elementor-element elementor-element-2191b1a4 elementor-cta--skin-cover elementor-animated-content elementor-bg-transform elementor-bg-transform-zoom-in elementor-widget elementor-widget-call-to-action\" data-id=\"2191b1a4\" data-element_type=\"widget\" data-widget_type=\"call-to-action.default\">\n\t\t\t\t<div class=\"elementor-widget-container\">\n\t\t\t\t\t<a class=\"elementor-cta\" href=\"https:\/\/sexpuppexxx.com\/de\/sexpuppenbilder\/\">\n\t\t\t\t\t<div class=\"elementor-cta__bg-wrapper\">\n\t\t\t\t<div class=\"elementor-cta__bg elementor-bg\" style=\"background-image: url(https:\/\/sexpuppexxx.com\/wp-content\/uploads\/2024\/04\/redirect.jpg);\" role=\"img\" aria-label=\"umleiten\"><\/div>\n\t\t\t\t<div class=\"elementor-cta__bg-overlay\"><\/div>\n\t\t\t<\/div>\n\t\t\t\t\t\t\t<div class=\"elementor-cta__content\">\n\t\t\t\t\n\t\t\t\t\t\t\t\t\t<h2 class=\"elementor-cta__title elementor-cta__content-item elementor-content-item elementor-animated-item--grow\">\n\t\t\t\t\t\t2500+ kleine Mini-Sexpuppen <\/br>sexdollxxx.com\t\t\t\t\t<\/h2>\n\t\t\t\t\n\t\t\t\t\t\t\t\t\t<div class=\"elementor-cta__description elementor-cta__content-item elementor-content-item elementor-animated-item--grow\">\n\t\t\t\t\t\t40cm, 60cm, 80cm, 100cm, 120cm, 140cm\t\t\t\t\t<\/div>\n\t\t\t\t\n\t\t\t\t\t\t\t\t\t<div class=\"elementor-cta__button-wrapper elementor-cta__content-item elementor-content-item elementor-animated-item--grow\">\n\t\t\t\t\t<span class=\"elementor-cta__button elementor-button elementor-size-md\">\n\t\t\t\t\t\tJetzt einkaufen\t\t\t\t\t<\/span>\n\t\t\t\t\t<\/div>\n\t\t\t\t\t\t\t<\/div>\n\t\t\t\t\t\t<\/a>\n\t\t\t\t<\/div>\n\t\t\t\t<\/div>\n\t\t\t\t\t<\/div>\n\t\t\t\t<\/div>\n\t\t\t\t\t<\/div>\n\t\t\t\t<\/div>\n\t\t\t\t\t<\/div>\n\t\t\t\t<\/div>\n\t\t\t\t<\/div>","protected":false},"excerpt":{"rendered":"<div data-elementor-type=\"section\" data-elementor-id=\"15952\" class=\"elementor elementor-15952\" data-elementor-post-type=\"elementor_library\">\n<div class=\"wd-negative-gap elementor-element elementor-element-49f97e26 e-flex e-con-boxed e-con e-parent\" data-id=\"49f97e26\" data-element_type=\"container\">\n<div class=\"e-con-inner\">\n<div class=\"wd-negative-gap elementor-element elementor-element-449b9556 e-flex e-con-boxed e-con e-child\" data-id=\"449b9556\" data-element_type=\"container\">\n<div class=\"e-con-inner\">\n<div class=\"elementor-element elementor-element-613a7c10 elementor-cta--skin-cover elementor-animated-content elementor-bg-transform elementor-bg-transform-zoom-in elementor-widget elementor-widget-call-to-action\" data-id=\"613a7c10\" data-element_type=\"widget\" data-widget_type=\"call-to-action.default\">\n<div class=\"elementor-widget-container\">\n\t\t\t<link rel=\"stylesheet\" href=\"https:\/\/sexpuppexxx.com\/wp-content\/uploads\/elementor\/css\/custom-pro-widget-call-to-action.min.css?ver=1717488893\">\t\t<a class=\"elementor-cta\" href=\"https:\/\/sexpuppexxx.com\/de\/sexpuppenbilder\/\"><\/p>\n<div class=\"elementor-cta__bg-wrapper\">\n<div class=\"elementor-cta__bg elementor-bg\" style=\"background-image: url(https:\/\/sexpuppexxx.com\/wp-content\/uploads\/2024\/04\/redirect-1.jpg);\" role=\"img\" aria-label=\"umleitung.jpg\"><\/div>\n<div class=\"elementor-cta__bg-overlay\"><\/div>\n<\/p><\/div>\n<div class=\"elementor-cta__content\">\n<h2 class=\"elementor-cta__title elementor-cta__content-item elementor-content-item elementor-animated-item--grow\">\n\t\t\t\t\t\t2500+ kleine Mini-Sexpuppen <\/br>sexdollxxx.com\t\t\t\t\t<\/h2>\n<div class=\"elementor-cta__description elementor-cta__content-item elementor-content-item elementor-animated-item--grow\">\n\t\t\t\t\t\t40cm, 60cm, 80cm, 100cm, 120cm, 140cm\t\t\t\t\t<\/div>\n<div class=\"elementor-cta__button-wrapper elementor-cta__content-item elementor-content-item elementor-animated-item--grow\">\n\t\t\t\t\t<span class=\"elementor-cta__button elementor-button elementor-size-md\"><br \/>\n\t\t\t\t\t\tJetzt einkaufen\t\t\t\t\t<\/span>\n\t\t\t\t\t<\/div>\n<\/p><\/div>\n<p>\t\t\t\t\t\t<\/a>\n\t\t\t\t<\/div>\n<\/p><\/div>\n<\/p><\/div>\n<\/p><\/div>\n<\/p><\/div>\n<\/p><\/div>\n<\/p><\/div>","protected":false},"featured_media":15950,"comment_status":"closed","ping_status":"closed","template":"","meta":[],"product_cat":[791,770,802],"product_tag":[],"aioseo_notices":[],"_links":{"self":[{"href":"https:\/\/sexpuppexxx.com\/de\/wp-json\/wp\/v2\/product\/20537"}],"collection":[{"href":"https:\/\/sexpuppexxx.com\/de\/wp-json\/wp\/v2\/product"}],"about":[{"href":"https:\/\/sexpuppexxx.com\/de\/wp-json\/wp\/v2\/types\/product"}],"replies":[{"embeddable":true,"href":"https:\/\/sexpuppexxx.com\/de\/wp-json\/wp\/v2\/comments?post=20537"}],"version-history":[{"count":2,"href":"https:\/\/sexpuppexxx.com\/de\/wp-json\/wp\/v2\/product\/20537\/revisions"}],"predecessor-version":[{"id":21713,"href":"https:\/\/sexpuppexxx.com\/de\/wp-json\/wp\/v2\/product\/20537\/revisions\/21713"}],"wp:featuredmedia":[{"embeddable":true,"href":"https:\/\/sexpuppexxx.com\/de\/wp-json\/wp\/v2\/media\/15950"}],"wp:attachment":[{"href":"https:\/\/sexpuppexxx.com\/de\/wp-json\/wp\/v2\/media?parent=20537"}],"wp:term":[{"taxonomy":"product_cat","embeddable":true,"href":"https:\/\/sexpuppexxx.com\/de\/wp-json\/wp\/v2\/product_cat?post=20537"},{"taxonomy":"product_tag","embeddable":true,"href":"https:\/\/sexpuppexxx.com\/de\/wp-json\/wp\/v2\/product_tag?post=20537"}],"curies":[{"name":"wp","href":"https:\/\/api.w.org\/{rel}","templated":true}]}}