{"id":20313,"date":"2024-04-22T12:30:53","date_gmt":"2024-04-22T12:30:53","guid":{"rendered":"https:\/\/aimdoll.com\/product\/70-cm-tpe-sex-doll-large-breasts\/"},"modified":"2024-05-15T08:05:09","modified_gmt":"2024-05-15T08:05:09","slug":"70-cm-tpe-sex-doll-large-breasts","status":"publish","type":"product","link":"https:\/\/sexpuppexxx.com\/de\/product\/70-cm-tpe-sexpuppe-grose-bruste\/","title":{"rendered":"70 cm TPE Sexpuppe Gro\u00dfe Br\u00fcste"},"content":{"rendered":"<p>Die Sexpuppe mit den kleinen Titten f\u00fcr Teenager, die 70 cm gro\u00dfe TPE-Sexpuppe und die 80 cm gro\u00dfe Sexpuppe sind d\u00fcnne Sexpuppen mit kleinem Arsch, die aus hochwertigem japanischem thermoplastischem Elastomer (TPE) hergestellt werden, um Ihnen eine realistische Sexpuppe zum Ficken f\u00fcr Kinder zu bieten. Diese Sexpuppenvideos mit Teenager-M\u00e4dchen, die einen Mann ficken, sind ergonomisch gestaltet und verf\u00fcgen \u00fcber verf\u00fchrerische Kurven und genaue Details auf ihrem gesamten flachen Brustkorb, einschlie\u00dflich einer lebensechten Hautstruktur, die Ihr Erlebnis auf neue H\u00f6hen sinnlicher Stimulation bringen wird.<\/p>\n<p>Kleine Sexpuppen mit gro\u00dfen Br\u00fcsten und gewichteten Br\u00fcsten simulieren echte menschliche Ber\u00fchrungen und bieten gleichzeitig Komfort, wenn sie sich in intimen Momenten an Ihren K\u00f6rper schmiegen. Die \u00c4hnlichkeiten zwischen den Gesichtsz\u00fcgen von Sexpuppen aus Neufundland machen es schwierig, die ersten kleinen winzigen Liebespuppenvideos von anderen Menschen zu unterscheiden, was bei sexuellen Aktivit\u00e4ten mit ihnen eine zus\u00e4tzliche Ebene des Realismus hinzuf\u00fcgt.<\/p>\n<p>&nbsp;<\/p>\n\t\t<div data-elementor-type=\"section\" data-elementor-id=\"15956\" class=\"elementor elementor-15956\" data-elementor-post-type=\"elementor_library\">\n\t\t\t<div class=\"wd-negative-gap elementor-element elementor-element-e744d45 e-flex e-con-boxed e-con e-parent\" data-id=\"e744d45\" data-element_type=\"container\">\n\t\t\t\t\t<div class=\"e-con-inner\">\n\t\t<div class=\"wd-negative-gap elementor-element elementor-element-2abc4734 e-flex e-con-boxed e-con e-child\" data-id=\"2abc4734\" data-element_type=\"container\">\n\t\t\t\t\t<div class=\"e-con-inner\">\n\t\t<div class=\"wd-negative-gap elementor-element elementor-element-e4e90d0 e-flex e-con-boxed e-con e-child\" data-id=\"e4e90d0\" data-element_type=\"container\">\n\t\t\t\t\t<div class=\"e-con-inner\">\n\t\t\t\t<div class=\"elementor-element elementor-element-2191b1a4 elementor-cta--skin-cover elementor-animated-content elementor-bg-transform elementor-bg-transform-zoom-in elementor-widget elementor-widget-call-to-action\" data-id=\"2191b1a4\" data-element_type=\"widget\" data-widget_type=\"call-to-action.default\">\n\t\t\t\t<div class=\"elementor-widget-container\">\n\t\t\t\t\t<a class=\"elementor-cta\" href=\"https:\/\/sexpuppexxx.com\/de\/sexpuppenbilder\/\">\n\t\t\t\t\t<div class=\"elementor-cta__bg-wrapper\">\n\t\t\t\t<div class=\"elementor-cta__bg elementor-bg\" style=\"background-image: url(https:\/\/sexpuppexxx.com\/wp-content\/uploads\/2024\/04\/redirect.jpg);\" role=\"img\" aria-label=\"umleiten\"><\/div>\n\t\t\t\t<div class=\"elementor-cta__bg-overlay\"><\/div>\n\t\t\t<\/div>\n\t\t\t\t\t\t\t<div class=\"elementor-cta__content\">\n\t\t\t\t\n\t\t\t\t\t\t\t\t\t<h2 class=\"elementor-cta__title elementor-cta__content-item elementor-content-item elementor-animated-item--grow\">\n\t\t\t\t\t\t2500+ kleine Mini-Sexpuppen <\/br>sexdollxxx.com\t\t\t\t\t<\/h2>\n\t\t\t\t\n\t\t\t\t\t\t\t\t\t<div class=\"elementor-cta__description elementor-cta__content-item elementor-content-item elementor-animated-item--grow\">\n\t\t\t\t\t\t40cm, 60cm, 80cm, 100cm, 120cm, 140cm\t\t\t\t\t<\/div>\n\t\t\t\t\n\t\t\t\t\t\t\t\t\t<div class=\"elementor-cta__button-wrapper elementor-cta__content-item elementor-content-item elementor-animated-item--grow\">\n\t\t\t\t\t<span class=\"elementor-cta__button elementor-button elementor-size-md\">\n\t\t\t\t\t\tJetzt einkaufen\t\t\t\t\t<\/span>\n\t\t\t\t\t<\/div>\n\t\t\t\t\t\t\t<\/div>\n\t\t\t\t\t\t<\/a>\n\t\t\t\t<\/div>\n\t\t\t\t<\/div>\n\t\t\t\t\t<\/div>\n\t\t\t\t<\/div>\n\t\t\t\t\t<\/div>\n\t\t\t\t<\/div>\n\t\t\t\t\t<\/div>\n\t\t\t\t<\/div>\n\t\t\t\t<\/div>","protected":false},"excerpt":{"rendered":"<div data-elementor-type=\"section\" data-elementor-id=\"15952\" class=\"elementor elementor-15952\" data-elementor-post-type=\"elementor_library\">\n<div class=\"wd-negative-gap elementor-element elementor-element-49f97e26 e-flex e-con-boxed e-con e-parent\" data-id=\"49f97e26\" data-element_type=\"container\">\n<div class=\"e-con-inner\">\n<div class=\"wd-negative-gap elementor-element elementor-element-449b9556 e-flex e-con-boxed e-con e-child\" data-id=\"449b9556\" data-element_type=\"container\">\n<div class=\"e-con-inner\">\n<div class=\"elementor-element elementor-element-613a7c10 elementor-cta--skin-cover elementor-animated-content elementor-bg-transform elementor-bg-transform-zoom-in elementor-widget elementor-widget-call-to-action\" data-id=\"613a7c10\" data-element_type=\"widget\" data-widget_type=\"call-to-action.default\">\n<div class=\"elementor-widget-container\">\n\t\t\t<link rel=\"stylesheet\" href=\"https:\/\/sexpuppexxx.com\/wp-content\/uploads\/elementor\/css\/custom-pro-widget-call-to-action.min.css?ver=1717488893\">\t\t<a class=\"elementor-cta\" href=\"https:\/\/sexpuppexxx.com\/de\/sexpuppenbilder\/\"><\/p>\n<div class=\"elementor-cta__bg-wrapper\">\n<div class=\"elementor-cta__bg elementor-bg\" style=\"background-image: url(https:\/\/sexpuppexxx.com\/wp-content\/uploads\/2024\/04\/redirect-1.jpg);\" role=\"img\" aria-label=\"umleitung.jpg\"><\/div>\n<div class=\"elementor-cta__bg-overlay\"><\/div>\n<\/p><\/div>\n<div class=\"elementor-cta__content\">\n<h2 class=\"elementor-cta__title elementor-cta__content-item elementor-content-item elementor-animated-item--grow\">\n\t\t\t\t\t\t2500+ kleine Mini-Sexpuppen <\/br>sexdollxxx.com\t\t\t\t\t<\/h2>\n<div class=\"elementor-cta__description elementor-cta__content-item elementor-content-item elementor-animated-item--grow\">\n\t\t\t\t\t\t40cm, 60cm, 80cm, 100cm, 120cm, 140cm\t\t\t\t\t<\/div>\n<div class=\"elementor-cta__button-wrapper elementor-cta__content-item elementor-content-item elementor-animated-item--grow\">\n\t\t\t\t\t<span class=\"elementor-cta__button elementor-button elementor-size-md\"><br \/>\n\t\t\t\t\t\tJetzt einkaufen\t\t\t\t\t<\/span>\n\t\t\t\t\t<\/div>\n<\/p><\/div>\n<p>\t\t\t\t\t\t<\/a>\n\t\t\t\t<\/div>\n<\/p><\/div>\n<\/p><\/div>\n<\/p><\/div>\n<\/p><\/div>\n<\/p><\/div>\n<\/p><\/div>","protected":false},"featured_media":15950,"comment_status":"closed","ping_status":"closed","template":"","meta":[],"product_cat":[796,803,797],"product_tag":[],"aioseo_notices":[],"_links":{"self":[{"href":"https:\/\/sexpuppexxx.com\/de\/wp-json\/wp\/v2\/product\/20313"}],"collection":[{"href":"https:\/\/sexpuppexxx.com\/de\/wp-json\/wp\/v2\/product"}],"about":[{"href":"https:\/\/sexpuppexxx.com\/de\/wp-json\/wp\/v2\/types\/product"}],"replies":[{"embeddable":true,"href":"https:\/\/sexpuppexxx.com\/de\/wp-json\/wp\/v2\/comments?post=20313"}],"version-history":[{"count":1,"href":"https:\/\/sexpuppexxx.com\/de\/wp-json\/wp\/v2\/product\/20313\/revisions"}],"predecessor-version":[{"id":20314,"href":"https:\/\/sexpuppexxx.com\/de\/wp-json\/wp\/v2\/product\/20313\/revisions\/20314"}],"wp:featuredmedia":[{"embeddable":true,"href":"https:\/\/sexpuppexxx.com\/de\/wp-json\/wp\/v2\/media\/15950"}],"wp:attachment":[{"href":"https:\/\/sexpuppexxx.com\/de\/wp-json\/wp\/v2\/media?parent=20313"}],"wp:term":[{"taxonomy":"product_cat","embeddable":true,"href":"https:\/\/sexpuppexxx.com\/de\/wp-json\/wp\/v2\/product_cat?post=20313"},{"taxonomy":"product_tag","embeddable":true,"href":"https:\/\/sexpuppexxx.com\/de\/wp-json\/wp\/v2\/product_tag?post=20313"}],"curies":[{"name":"wp","href":"https:\/\/api.w.org\/{rel}","templated":true}]}}