{"id":20203,"date":"2024-04-22T12:30:40","date_gmt":"2024-04-22T12:30:40","guid":{"rendered":"https:\/\/aimdoll.com\/product\/realistic-factory-humps-mini-flat-factory-realistic-doll\/"},"modified":"2024-05-17T05:51:35","modified_gmt":"2024-05-17T05:51:35","slug":"realistic-factory-humps-mini-flat-factory-realistic-doll","status":"publish","type":"product","link":"https:\/\/sexpuppexxx.com\/de\/product\/realistische-fabrik-hocker-mini-flache-fabrik-realistische-puppe\/","title":{"rendered":"Realistische Fabrik Buckel Mini flache Fabrik realistische Puppe"},"content":{"rendered":"<p>Dies ist eine hochwertige, flachgespritzte Sexpuppe mit bester Verarbeitungsqualit\u00e4t. Dank einer Kombination aus hochwertigem Silikonmaterial und leichtem Titan. Diese 100 cm gro\u00dfe Sexpuppe von Jay Doll hat ein anatomisch genaues Design. Komplett mit beweglichen Gliedma\u00dfen und Gelenken. Daher ist diese 150 cm gro\u00dfe Sexpuppe aus Silikon perfekt f\u00fcr Videos mit Sexpuppen, die mit Teenagern gefickt werden. Dar\u00fcber hinaus bietet diese 40 cm gro\u00dfe Mini-Sexpuppe aus chinesischer Fabrik ein realistisches Aussehen und Gef\u00fchl. Daher k\u00f6nnen Sie Ihre wildesten sexuellen Fantasien ausleben. Von tabuisiertem Sex mit Mama, die einen kleinen Jungen v\u00f6gelt. Bis hin zu abenteuerlicheren sexuellen Pr\u00fcfungen. Diese Sexpuppe mit flacher Brust ist ein gro\u00dfartiger sexueller Begleiter, um alles wahr werden zu lassen.<\/p>\n<p>Dar\u00fcber hinaus wurde diese 148 cm gro\u00dfe, realistische Sexpuppe f\u00fcr Kinder f\u00fcr eine lange Lebensdauer gebaut. Dank der robusten Konstruktion aus hochwertigen Materialien f\u00fcr 80 cm gro\u00dfe Sexpuppen. Daher bietet Ihnen diese wundersch\u00f6ne, echte Sexpuppe f\u00fcr Erwachsene in vielerlei Hinsicht intensive sexuelle Stimulation.<\/p>\n<p>Ihr Schreiben: Dies ist eine hochwertige, flach gejagte Sexpuppe, Video-Realpuppe mit der besten Verarbeitungsqualit\u00e4t. Dank einer Kombination aus hochwertigen<br \/>\nSilikonmaterialien und leichtes Titan. Diese 100 cm gro\u00dfe Sexpuppe von Jay Doll hat ein anatomisch genaues Design. Komplett mit beweglichen<br \/>\nGliedma\u00dfen und Gelenke. Daher ist diese 150 Teen Silikon Sexpuppe perfekt f\u00fcr Teen Sexpuppe gefickt Videos. Dar\u00fcber hinaus ist diese Mini echte Sexpuppe 40cm<br \/>\nDie echte Puppe aus China bietet ein realistisches Aussehen und Gef\u00fchl. Daher k\u00f6nnen Sie Ihre wildesten sexuellen Fantasien ausleben. Von Mama v\u00f6gelt kleinen Jungen<br \/>\nPuppen-Tabu-Sex. F\u00fcr abenteuerlichere sexuelle Erlebnisse. Diese Sexpuppe mit flacher Brust ist ein gro\u00dfartiger sexueller Begleiter, um alles wahr werden zu lassen.<\/p>\n<p>Dar\u00fcber hinaus wurde diese Sexpuppe 148cm realistische Kindersexpuppe f\u00fcr eine lange Lebensdauer gebaut. Dank der gut gebauten Struktur mit hochwertigen 80 cm Sex<br \/>\nPuppenmaterialien. Daher bietet Ihnen diese wundersch\u00f6ne echte Puppe f\u00fcr Erwachsene in vielerlei Hinsicht intensive sexuelle Stimulation.<\/p>\n<p>&nbsp;<\/p>\n\t\t<div data-elementor-type=\"section\" data-elementor-id=\"15956\" class=\"elementor elementor-15956\" data-elementor-post-type=\"elementor_library\">\n\t\t\t<div class=\"wd-negative-gap elementor-element elementor-element-e744d45 e-flex e-con-boxed e-con e-parent\" data-id=\"e744d45\" data-element_type=\"container\">\n\t\t\t\t\t<div class=\"e-con-inner\">\n\t\t<div class=\"wd-negative-gap elementor-element elementor-element-2abc4734 e-flex e-con-boxed e-con e-child\" data-id=\"2abc4734\" data-element_type=\"container\">\n\t\t\t\t\t<div class=\"e-con-inner\">\n\t\t<div class=\"wd-negative-gap elementor-element elementor-element-e4e90d0 e-flex e-con-boxed e-con e-child\" data-id=\"e4e90d0\" data-element_type=\"container\">\n\t\t\t\t\t<div class=\"e-con-inner\">\n\t\t\t\t<div class=\"elementor-element elementor-element-2191b1a4 elementor-cta--skin-cover elementor-animated-content elementor-bg-transform elementor-bg-transform-zoom-in elementor-widget elementor-widget-call-to-action\" data-id=\"2191b1a4\" data-element_type=\"widget\" data-widget_type=\"call-to-action.default\">\n\t\t\t\t<div class=\"elementor-widget-container\">\n\t\t\t\t\t<a class=\"elementor-cta\" href=\"https:\/\/sexpuppexxx.com\/de\/sexpuppenbilder\/\">\n\t\t\t\t\t<div class=\"elementor-cta__bg-wrapper\">\n\t\t\t\t<div class=\"elementor-cta__bg elementor-bg\" style=\"background-image: url(https:\/\/sexpuppexxx.com\/wp-content\/uploads\/2024\/04\/redirect.jpg);\" role=\"img\" aria-label=\"umleiten\"><\/div>\n\t\t\t\t<div class=\"elementor-cta__bg-overlay\"><\/div>\n\t\t\t<\/div>\n\t\t\t\t\t\t\t<div class=\"elementor-cta__content\">\n\t\t\t\t\n\t\t\t\t\t\t\t\t\t<h2 class=\"elementor-cta__title elementor-cta__content-item elementor-content-item elementor-animated-item--grow\">\n\t\t\t\t\t\t2500+ kleine Mini-Sexpuppen <\/br>sexdollxxx.com\t\t\t\t\t<\/h2>\n\t\t\t\t\n\t\t\t\t\t\t\t\t\t<div class=\"elementor-cta__description elementor-cta__content-item elementor-content-item elementor-animated-item--grow\">\n\t\t\t\t\t\t40cm, 60cm, 80cm, 100cm, 120cm, 140cm\t\t\t\t\t<\/div>\n\t\t\t\t\n\t\t\t\t\t\t\t\t\t<div class=\"elementor-cta__button-wrapper elementor-cta__content-item elementor-content-item elementor-animated-item--grow\">\n\t\t\t\t\t<span class=\"elementor-cta__button elementor-button elementor-size-md\">\n\t\t\t\t\t\tJetzt einkaufen\t\t\t\t\t<\/span>\n\t\t\t\t\t<\/div>\n\t\t\t\t\t\t\t<\/div>\n\t\t\t\t\t\t<\/a>\n\t\t\t\t<\/div>\n\t\t\t\t<\/div>\n\t\t\t\t\t<\/div>\n\t\t\t\t<\/div>\n\t\t\t\t\t<\/div>\n\t\t\t\t<\/div>\n\t\t\t\t\t<\/div>\n\t\t\t\t<\/div>\n\t\t\t\t<\/div>","protected":false},"excerpt":{"rendered":"<div data-elementor-type=\"section\" data-elementor-id=\"15952\" class=\"elementor elementor-15952\" data-elementor-post-type=\"elementor_library\">\n<div class=\"wd-negative-gap elementor-element elementor-element-49f97e26 e-flex e-con-boxed e-con e-parent\" data-id=\"49f97e26\" data-element_type=\"container\">\n<div class=\"e-con-inner\">\n<div class=\"wd-negative-gap elementor-element elementor-element-449b9556 e-flex e-con-boxed e-con e-child\" data-id=\"449b9556\" data-element_type=\"container\">\n<div class=\"e-con-inner\">\n<div class=\"elementor-element elementor-element-613a7c10 elementor-cta--skin-cover elementor-animated-content elementor-bg-transform elementor-bg-transform-zoom-in elementor-widget elementor-widget-call-to-action\" data-id=\"613a7c10\" data-element_type=\"widget\" data-widget_type=\"call-to-action.default\">\n<div class=\"elementor-widget-container\">\n\t\t\t<link rel=\"stylesheet\" href=\"https:\/\/sexpuppexxx.com\/wp-content\/uploads\/elementor\/css\/custom-pro-widget-call-to-action.min.css?ver=1717488893\">\t\t<a class=\"elementor-cta\" href=\"https:\/\/sexpuppexxx.com\/de\/sexpuppenbilder\/\"><\/p>\n<div class=\"elementor-cta__bg-wrapper\">\n<div class=\"elementor-cta__bg elementor-bg\" style=\"background-image: url(https:\/\/sexpuppexxx.com\/wp-content\/uploads\/2024\/04\/redirect-1.jpg);\" role=\"img\" aria-label=\"umleitung.jpg\"><\/div>\n<div class=\"elementor-cta__bg-overlay\"><\/div>\n<\/p><\/div>\n<div class=\"elementor-cta__content\">\n<h2 class=\"elementor-cta__title elementor-cta__content-item elementor-content-item elementor-animated-item--grow\">\n\t\t\t\t\t\t2500+ kleine Mini-Sexpuppen <\/br>sexdollxxx.com\t\t\t\t\t<\/h2>\n<div class=\"elementor-cta__description elementor-cta__content-item elementor-content-item elementor-animated-item--grow\">\n\t\t\t\t\t\t40cm, 60cm, 80cm, 100cm, 120cm, 140cm\t\t\t\t\t<\/div>\n<div class=\"elementor-cta__button-wrapper elementor-cta__content-item elementor-content-item elementor-animated-item--grow\">\n\t\t\t\t\t<span class=\"elementor-cta__button elementor-button elementor-size-md\"><br \/>\n\t\t\t\t\t\tJetzt einkaufen\t\t\t\t\t<\/span>\n\t\t\t\t\t<\/div>\n<\/p><\/div>\n<p>\t\t\t\t\t\t<\/a>\n\t\t\t\t<\/div>\n<\/p><\/div>\n<\/p><\/div>\n<\/p><\/div>\n<\/p><\/div>\n<\/p><\/div>\n<\/p><\/div>","protected":false},"featured_media":15950,"comment_status":"closed","ping_status":"closed","template":"","meta":[],"product_cat":[797,791,771],"product_tag":[],"aioseo_notices":[],"_links":{"self":[{"href":"https:\/\/sexpuppexxx.com\/de\/wp-json\/wp\/v2\/product\/20203"}],"collection":[{"href":"https:\/\/sexpuppexxx.com\/de\/wp-json\/wp\/v2\/product"}],"about":[{"href":"https:\/\/sexpuppexxx.com\/de\/wp-json\/wp\/v2\/types\/product"}],"replies":[{"embeddable":true,"href":"https:\/\/sexpuppexxx.com\/de\/wp-json\/wp\/v2\/comments?post=20203"}],"version-history":[{"count":2,"href":"https:\/\/sexpuppexxx.com\/de\/wp-json\/wp\/v2\/product\/20203\/revisions"}],"predecessor-version":[{"id":21772,"href":"https:\/\/sexpuppexxx.com\/de\/wp-json\/wp\/v2\/product\/20203\/revisions\/21772"}],"wp:featuredmedia":[{"embeddable":true,"href":"https:\/\/sexpuppexxx.com\/de\/wp-json\/wp\/v2\/media\/15950"}],"wp:attachment":[{"href":"https:\/\/sexpuppexxx.com\/de\/wp-json\/wp\/v2\/media?parent=20203"}],"wp:term":[{"taxonomy":"product_cat","embeddable":true,"href":"https:\/\/sexpuppexxx.com\/de\/wp-json\/wp\/v2\/product_cat?post=20203"},{"taxonomy":"product_tag","embeddable":true,"href":"https:\/\/sexpuppexxx.com\/de\/wp-json\/wp\/v2\/product_tag?post=20203"}],"curies":[{"name":"wp","href":"https:\/\/api.w.org\/{rel}","templated":true}]}}