{"id":15824,"date":"2024-04-22T04:42:42","date_gmt":"2024-04-22T04:42:42","guid":{"rendered":"https:\/\/aimdoll.com\/?page_id=15824"},"modified":"2024-04-24T12:43:05","modified_gmt":"2024-04-24T12:43:05","slug":"sex-doll-pictures","status":"publish","type":"page","link":"https:\/\/sexpuppexxx.com\/de\/sexpuppenbilder\/","title":{"rendered":"Sexpuppen Bilder"},"content":{"rendered":"<div data-elementor-type=\"wp-page\" data-elementor-id=\"15824\" class=\"elementor elementor-15824\" data-elementor-post-type=\"page\">\n\t\t\t\t<div class=\"wd-negative-gap elementor-element elementor-element-d34023 e-flex e-con-boxed e-con e-parent\" data-id=\"d34023\" data-element_type=\"container\">\n\t\t\t\t\t<div class=\"e-con-inner\">\n\t\t\t\t<div class=\"elementor-element elementor-element-02aeb62 elementor-widget elementor-widget-heading\" data-id=\"02aeb62\" data-element_type=\"widget\" data-widget_type=\"heading.default\">\n\t\t\t\t<div class=\"elementor-widget-container\">\n\t\t\t<style>\/*! elementor - v3.21.0 - 15-04-2024 *\/\n.elementor-heading-title{padding:0;margin:0;line-height:1}.elementor-widget-heading .elementor-heading-title[class*=elementor-size-]>a{color:inherit;font-size:inherit;line-height:inherit}.elementor-widget-heading .elementor-heading-title.elementor-size-small{font-size:15px}.elementor-widget-heading .elementor-heading-title.elementor-size-medium{font-size:19px}.elementor-widget-heading .elementor-heading-title.elementor-size-large{font-size:29px}.elementor-widget-heading .elementor-heading-title.elementor-size-xl{font-size:39px}.elementor-widget-heading .elementor-heading-title.elementor-size-xxl{font-size:59px}<\/style><h2 class=\"elementor-heading-title elementor-size-default\">BILDER VON ECHTEN SEXPUPPEN AUS DER FABRIK\u200b<\/h2>\t\t<\/div>\n\t\t\t\t<\/div>\n\t\t\t\t<div class=\"elementor-element elementor-element-3f93f22 elementor-widget-divider--view-line elementor-widget elementor-widget-divider\" data-id=\"3f93f22\" data-element_type=\"widget\" data-widget_type=\"divider.default\">\n\t\t\t\t<div class=\"elementor-widget-container\">\n\t\t\t<style>\/*! elementor - v3.21.0 - 15-04-2024 *\/\n.elementor-widget-divider{--divider-border-style:none;--divider-border-width:1px;--divider-color:#0c0d0e;--divider-icon-size:20px;--divider-element-spacing:10px;--divider-pattern-height:24px;--divider-pattern-size:20px;--divider-pattern-url:none;--divider-pattern-repeat:repeat-x}.elementor-widget-divider .elementor-divider{display:flex}.elementor-widget-divider .elementor-divider__text{font-size:15px;line-height:1;max-width:95%}.elementor-widget-divider .elementor-divider__element{margin:0 var(--divider-element-spacing);flex-shrink:0}.elementor-widget-divider .elementor-icon{font-size:var(--divider-icon-size)}.elementor-widget-divider .elementor-divider-separator{display:flex;margin:0;direction:ltr}.elementor-widget-divider--view-line_icon .elementor-divider-separator,.elementor-widget-divider--view-line_text .elementor-divider-separator{align-items:center}.elementor-widget-divider--view-line_icon .elementor-divider-separator:after,.elementor-widget-divider--view-line_icon .elementor-divider-separator:before,.elementor-widget-divider--view-line_text .elementor-divider-separator:after,.elementor-widget-divider--view-line_text .elementor-divider-separator:before{display:block;content:\"\";border-block-end:0;flex-grow:1;border-block-start:var(--divider-border-width) var(--divider-border-style) var(--divider-color)}.elementor-widget-divider--element-align-left .elementor-divider .elementor-divider-separator>.elementor-divider__svg:first-of-type{flex-grow:0;flex-shrink:100}.elementor-widget-divider--element-align-left .elementor-divider-separator:before{content:none}.elementor-widget-divider--element-align-left .elementor-divider__element{margin-left:0}.elementor-widget-divider--element-align-right .elementor-divider .elementor-divider-separator>.elementor-divider__svg:last-of-type{flex-grow:0;flex-shrink:100}.elementor-widget-divider--element-align-right .elementor-divider-separator:after{content:none}.elementor-widget-divider--element-align-right .elementor-divider__element{margin-right:0}.elementor-widget-divider--element-align-start .elementor-divider .elementor-divider-separator>.elementor-divider__svg:first-of-type{flex-grow:0;flex-shrink:100}.elementor-widget-divider--element-align-start .elementor-divider-separator:before{content:none}.elementor-widget-divider--element-align-start .elementor-divider__element{margin-inline-start:0}.elementor-widget-divider--element-align-end .elementor-divider .elementor-divider-separator>.elementor-divider__svg:last-of-type{flex-grow:0;flex-shrink:100}.elementor-widget-divider--element-align-end .elementor-divider-separator:after{content:none}.elementor-widget-divider--element-align-end .elementor-divider__element{margin-inline-end:0}.elementor-widget-divider:not(.elementor-widget-divider--view-line_text):not(.elementor-widget-divider--view-line_icon) .elementor-divider-separator{border-block-start:var(--divider-border-width) var(--divider-border-style) var(--divider-color)}.elementor-widget-divider--separator-type-pattern{--divider-border-style:none}.elementor-widget-divider--separator-type-pattern.elementor-widget-divider--view-line .elementor-divider-separator,.elementor-widget-divider--separator-type-pattern:not(.elementor-widget-divider--view-line) .elementor-divider-separator:after,.elementor-widget-divider--separator-type-pattern:not(.elementor-widget-divider--view-line) .elementor-divider-separator:before,.elementor-widget-divider--separator-type-pattern:not([class*=elementor-widget-divider--view]) .elementor-divider-separator{width:100%;min-height:var(--divider-pattern-height);-webkit-mask-size:var(--divider-pattern-size) 100%;mask-size:var(--divider-pattern-size) 100%;-webkit-mask-repeat:var(--divider-pattern-repeat);mask-repeat:var(--divider-pattern-repeat);background-color:var(--divider-color);-webkit-mask-image:var(--divider-pattern-url);mask-image:var(--divider-pattern-url)}.elementor-widget-divider--no-spacing{--divider-pattern-size:auto}.elementor-widget-divider--bg-round{--divider-pattern-repeat:round}.rtl .elementor-widget-divider .elementor-divider__text{direction:rtl}.e-con-inner>.elementor-widget-divider,.e-con>.elementor-widget-divider{width:var(--container-widget-width,100%);--flex-grow:var(--container-widget-flex-grow)}<\/style>\t\t<div class=\"elementor-divider\">\n\t\t\t<span class=\"elementor-divider-separator\">\n\t\t\t\t\t\t<\/span>\n\t\t<\/div>\n\t\t\t\t<\/div>\n\t\t\t\t<\/div>\n\t\t\t\t<div class=\"elementor-element elementor-element-8720d2b elementor-button-danger elementor-align-center elementor-widget elementor-widget-button\" data-id=\"8720d2b\" data-element_type=\"widget\" data-widget_type=\"button.default\">\n\t\t\t\t<div class=\"elementor-widget-container\">\n\t\t\t\t\t<div class=\"elementor-button-wrapper\">\n\t\t\t<a class=\"elementor-button elementor-button-link elementor-size-lg\" href=\"https:\/\/aino.aidoll-japan.com\">\n\t\t\t\t\t\t<span class=\"elementor-button-content-wrapper\">\n\t\t\t\t\t\t\t\t\t<span class=\"elementor-button-text\">Jetzt einkaufen<\/span>\n\t\t\t\t\t<\/span>\n\t\t\t\t\t<\/a>\n\t\t<\/div>\n\t\t\t\t<\/div>\n\t\t\t\t<\/div>\n\t\t\t\t<div class=\"elementor-element elementor-element-23fe614e elementor-widget elementor-widget-image\" data-id=\"23fe614e\" data-element_type=\"widget\" data-widget_type=\"image.default\">\n\t\t\t\t<div class=\"elementor-widget-container\">\n\t\t\t<style>\/*! elementor - v3.21.0 - 15-04-2024 *\/\n.elementor-widget-image{text-align:center}.elementor-widget-image a{display:inline-block}.elementor-widget-image a img[src$=\".svg\"]{width:48px}.elementor-widget-image img{vertical-align:middle;display:inline-block}<\/style>\t\t\t\t\t\t\t\t\t\t\t<a href=\"https:\/\/aino.aidoll-japan.com\">\n\t\t\t\t\t\t\t<img loading=\"lazy\" decoding=\"async\" width=\"1800\" height=\"1200\" src=\"https:\/\/sexpuppexxx.com\/wp-content\/uploads\/2024\/04\/page-gallery-1.jpg\" class=\"attachment-full size-full wp-image-15826\" alt=\"\" srcset=\"https:\/\/sexpuppexxx.com\/wp-content\/uploads\/2024\/04\/page-gallery-1.jpg 1800w, https:\/\/sexpuppexxx.com\/wp-content\/uploads\/2024\/04\/page-gallery-1-430x287.jpg 430w, https:\/\/sexpuppexxx.com\/wp-content\/uploads\/2024\/04\/page-gallery-1-150x100.jpg 150w, https:\/\/sexpuppexxx.com\/wp-content\/uploads\/2024\/04\/page-gallery-1-700x467.jpg 700w, https:\/\/sexpuppexxx.com\/wp-content\/uploads\/2024\/04\/page-gallery-1-400x267.jpg 400w, https:\/\/sexpuppexxx.com\/wp-content\/uploads\/2024\/04\/page-gallery-1-1200x800.jpg 1200w, https:\/\/sexpuppexxx.com\/wp-content\/uploads\/2024\/04\/page-gallery-1-768x512.jpg 768w, https:\/\/sexpuppexxx.com\/wp-content\/uploads\/2024\/04\/page-gallery-1-1536x1024.jpg 1536w, https:\/\/sexpuppexxx.com\/wp-content\/uploads\/2024\/04\/page-gallery-1-860x573.jpg 860w\" sizes=\"(max-width: 1800px) 100vw, 1800px\" \/>\t\t\t\t\t\t\t\t<\/a>\n\t\t\t\t\t\t\t\t\t\t\t\t\t<\/div>\n\t\t\t\t<\/div>\n\t\t\t\t<div class=\"elementor-element elementor-element-50b326d0 elementor-button-danger elementor-align-center elementor-widget elementor-widget-button\" data-id=\"50b326d0\" data-element_type=\"widget\" data-widget_type=\"button.default\">\n\t\t\t\t<div class=\"elementor-widget-container\">\n\t\t\t\t\t<div class=\"elementor-button-wrapper\">\n\t\t\t<a class=\"elementor-button elementor-button-link elementor-size-lg\" href=\"https:\/\/aino.aidoll-japan.com\">\n\t\t\t\t\t\t<span class=\"elementor-button-content-wrapper\">\n\t\t\t\t\t\t\t\t\t<span class=\"elementor-button-text\">Weitere Bilder ansehen<\/span>\n\t\t\t\t\t<\/span>\n\t\t\t\t\t<\/a>\n\t\t<\/div>\n\t\t\t\t<\/div>\n\t\t\t\t<\/div>\n\t\t\t\t<div class=\"elementor-element elementor-element-aac3a91 color-scheme-inherit text-left elementor-widget elementor-widget-text-editor\" data-id=\"aac3a91\" data-element_type=\"widget\" data-widget_type=\"text-editor.default\">\n\t\t\t\t<div class=\"elementor-widget-container\">\n\t\t\t<style>\/*! elementor - v3.21.0 - 15-04-2024 *\/\n.elementor-widget-text-editor.elementor-drop-cap-view-stacked .elementor-drop-cap{background-color:#69727d;color:#fff}.elementor-widget-text-editor.elementor-drop-cap-view-framed .elementor-drop-cap{color:#69727d;border:3px solid;background-color:transparent}.elementor-widget-text-editor:not(.elementor-drop-cap-view-default) .elementor-drop-cap{margin-top:8px}.elementor-widget-text-editor:not(.elementor-drop-cap-view-default) .elementor-drop-cap-letter{width:1em;height:1em}.elementor-widget-text-editor .elementor-drop-cap{float:left;text-align:center;line-height:1;font-size:50px}.elementor-widget-text-editor .elementor-drop-cap-letter{display:inline-block}<\/style>\t\t\t\t<p>Ainodoll hat sich der Suche nach vertrauensw\u00fcrdigen und preiswerten Puppenherstellern verschrieben. Ainodoll ist die beste Wahl, wenn Sie seri\u00f6se und preiswerte Einzelh\u00e4ndler suchen.<\/p>\t\t\t\t\t\t<\/div>\n\t\t\t\t<\/div>\n\t\t\t\t<div class=\"elementor-element elementor-element-5d67fd7a color-scheme-inherit text-left elementor-widget elementor-widget-text-editor\" data-id=\"5d67fd7a\" data-element_type=\"widget\" data-widget_type=\"text-editor.default\">\n\t\t\t\t<div class=\"elementor-widget-container\">\n\t\t\t\t\t\t\t<p>Nachdem die Puppe hergestellt wurde, wird sie gr\u00fcndlich gepr\u00fcft, um sicherzustellen, dass sie Ihren h\u00f6chsten Erwartungen entspricht. Dieses Bild zeigt die Einrichtung, von der Ihre Puppe verschickt wird. Wenn Sie keine Puppe finden, die Ihnen gef\u00e4llt, k\u00f6nnen Sie uns per Online-Chat oder E-Mail kontaktieren<\/p>\t\t\t\t\t\t<\/div>\n\t\t\t\t<\/div>\n\t\t\t\t<div class=\"elementor-element elementor-element-7ed8a990 color-scheme-inherit text-left elementor-widget elementor-widget-text-editor\" data-id=\"7ed8a990\" data-element_type=\"widget\" data-widget_type=\"text-editor.default\">\n\t\t\t\t<div class=\"elementor-widget-container\">\n\t\t\t\t\t\t\tBitte beachten Sie, dass die Puppen auf diesen Bildern sowohl kostenpflichtige als auch kostenlose Ausstattungsoptionen haben. Die von Ihnen ausgew\u00e4hlten Funktionen k\u00f6nnen das Aussehen Ihrer Puppe ver\u00e4ndern.\t\t\t\t\t\t<\/div>\n\t\t\t\t<\/div>\n\t\t\t\t<div class=\"elementor-element elementor-element-3aebe77c color-scheme-inherit text-left elementor-widget elementor-widget-text-editor\" data-id=\"3aebe77c\" data-element_type=\"widget\" data-widget_type=\"text-editor.default\">\n\t\t\t\t<div class=\"elementor-widget-container\">\n\t\t\t\t\t\t\tBald werden jeden Monat weitere Bilder aktualisiert!\t\t\t\t\t\t<\/div>\n\t\t\t\t<\/div>\n\t\t\t\t<div class=\"elementor-element elementor-element-3267af82 color-scheme-inherit text-left elementor-widget elementor-widget-text-editor\" data-id=\"3267af82\" data-element_type=\"widget\" data-widget_type=\"text-editor.default\">\n\t\t\t\t<div class=\"elementor-widget-container\">\n\t\t\t\t\t\t\tBevor Sie eine Bestellung aufgeben, m\u00f6chten Sie sich vielleicht zus\u00e4tzliche unbearbeitete Bilder von echten Sexpuppen ansehen. Zu Ihrer Information haben wir Bilder von Sexpuppen direkt aus der Fabrik beigef\u00fcgt. Diese Bilder wurden in der Fabrik aufgenommen, nachdem die Arbeit abgeschlossen war, und wir haben die h\u00fcbscheren ausgew\u00e4hlt. Obwohl der Standort und die Beleuchtung nicht perfekt sind, sind dies die genauesten Bilder, die Ihnen von Nutzen sein k\u00f6nnen.\t\t\t\t\t\t<\/div>\n\t\t\t\t<\/div>\n\t\t\t\t<div class=\"elementor-element elementor-element-13fa9dc6 color-scheme-inherit text-left elementor-widget elementor-widget-text-editor\" data-id=\"13fa9dc6\" data-element_type=\"widget\" data-widget_type=\"text-editor.default\">\n\t\t\t\t<div class=\"elementor-widget-container\">\n\t\t\t\t\t\t\tBitte beachten Sie, dass wir Ihnen nach der Bestellung per E-Mail ein Fabrikfoto der Sexpuppe zusenden, wenn Sie es vor dem Versand der Puppe ansehen m\u00f6chten.\t\t\t\t\t\t<\/div>\n\t\t\t\t<\/div>\n\t\t\t\t\t<\/div>\n\t\t\t\t<\/div>\n\t\t\t\t<\/div>","protected":false},"excerpt":{"rendered":"<p>ECHTE FABRIK SEX DOLL BILDER BILDER Jetzt einkaufen Weitere Bilder ansehen Ainodoll ist bestrebt, vertrauensw\u00fcrdige und preisg\u00fcnstige<\/p>","protected":false},"author":1,"featured_media":0,"parent":0,"menu_order":0,"comment_status":"closed","ping_status":"closed","template":"","meta":{"footnotes":""},"aioseo_notices":[],"_links":{"self":[{"href":"https:\/\/sexpuppexxx.com\/de\/wp-json\/wp\/v2\/pages\/15824"}],"collection":[{"href":"https:\/\/sexpuppexxx.com\/de\/wp-json\/wp\/v2\/pages"}],"about":[{"href":"https:\/\/sexpuppexxx.com\/de\/wp-json\/wp\/v2\/types\/page"}],"author":[{"embeddable":true,"href":"https:\/\/sexpuppexxx.com\/de\/wp-json\/wp\/v2\/users\/1"}],"replies":[{"embeddable":true,"href":"https:\/\/sexpuppexxx.com\/de\/wp-json\/wp\/v2\/comments?post=15824"}],"version-history":[{"count":16,"href":"https:\/\/sexpuppexxx.com\/de\/wp-json\/wp\/v2\/pages\/15824\/revisions"}],"predecessor-version":[{"id":21458,"href":"https:\/\/sexpuppexxx.com\/de\/wp-json\/wp\/v2\/pages\/15824\/revisions\/21458"}],"wp:attachment":[{"href":"https:\/\/sexpuppexxx.com\/de\/wp-json\/wp\/v2\/media?parent=15824"}],"curies":[{"name":"wp","href":"https:\/\/api.w.org\/{rel}","templated":true}]}}