{"id":15592,"date":"2024-04-19T12:46:24","date_gmt":"2024-04-19T12:46:24","guid":{"rendered":"https:\/\/aimdoll.com\/?page_id=15592"},"modified":"2024-04-24T12:42:10","modified_gmt":"2024-04-24T12:42:10","slug":"about-us","status":"publish","type":"page","link":"https:\/\/sexpuppexxx.com\/de\/uber-uns\/","title":{"rendered":"\u00dcber uns"},"content":{"rendered":"<div data-elementor-type=\"wp-page\" data-elementor-id=\"15592\" class=\"elementor elementor-15592\" data-elementor-post-type=\"page\">\n\t\t\t\t\t\t<section class=\"wd-negative-gap elementor-section elementor-top-section elementor-element elementor-element-63ccb5ca space-xlg elementor-section-boxed elementor-section-height-default elementor-section-height-default\" data-id=\"63ccb5ca\" data-element_type=\"section\">\n\t\t\t\t\t\t<div class=\"elementor-container elementor-column-gap-default\">\n\t\t\t\t\t<div class=\"elementor-column elementor-col-100 elementor-top-column elementor-element elementor-element-7328e9f9\" data-id=\"7328e9f9\" data-element_type=\"column\">\n\t\t\t<div class=\"elementor-widget-wrap elementor-element-populated\">\n\t\t\t\t\t\t<div class=\"elementor-element elementor-element-65436a36 m-t-n-xs mb-5 elementor-widget elementor-widget-heading\" data-id=\"65436a36\" data-element_type=\"widget\" data-widget_type=\"heading.default\">\n\t\t\t\t<div class=\"elementor-widget-container\">\n\t\t\t<style>\/*! elementor - v3.21.0 - 15-04-2024 *\/\n.elementor-heading-title{padding:0;margin:0;line-height:1}.elementor-widget-heading .elementor-heading-title[class*=elementor-size-]>a{color:inherit;font-size:inherit;line-height:inherit}.elementor-widget-heading .elementor-heading-title.elementor-size-small{font-size:15px}.elementor-widget-heading .elementor-heading-title.elementor-size-medium{font-size:19px}.elementor-widget-heading .elementor-heading-title.elementor-size-large{font-size:29px}.elementor-widget-heading .elementor-heading-title.elementor-size-xl{font-size:39px}.elementor-widget-heading .elementor-heading-title.elementor-size-xxl{font-size:59px}<\/style><h2 class=\"elementor-heading-title elementor-size-default\">\u00dcBER AINODOLL<\/h2>\t\t<\/div>\n\t\t\t\t<\/div>\n\t\t\t\t<div class=\"elementor-element elementor-element-596e654d mb-4 elementor-widget elementor-widget-heading\" data-id=\"596e654d\" data-element_type=\"widget\" data-widget_type=\"heading.default\">\n\t\t\t\t<div class=\"elementor-widget-container\">\n\t\t\t<h3 class=\"elementor-heading-title elementor-size-default\">Wer wir sind<\/h3>\t\t<\/div>\n\t\t\t\t<\/div>\n\t\t\t\t<section class=\"elementor-section elementor-inner-section elementor-element elementor-element-7fd9f02d elementor-section-full_width elementor-section-height-default elementor-section-height-default\" data-id=\"7fd9f02d\" data-element_type=\"section\">\n\t\t\t\t\t\t<div class=\"elementor-container elementor-column-gap-default\">\n\t\t\t\t\t<div class=\"elementor-column elementor-col-100 elementor-inner-column elementor-element elementor-element-6e5a7277\" data-id=\"6e5a7277\" data-element_type=\"column\">\n\t\t\t<div class=\"elementor-widget-wrap elementor-element-populated\">\n\t\t\t\t\t\t<div class=\"elementor-element elementor-element-4f47d2b8 color-scheme-inherit text-left elementor-widget elementor-widget-text-editor\" data-id=\"4f47d2b8\" data-element_type=\"widget\" data-widget_type=\"text-editor.default\">\n\t\t\t\t<div class=\"elementor-widget-container\">\n\t\t\t<style>\/*! elementor - v3.21.0 - 15-04-2024 *\/\n.elementor-widget-text-editor.elementor-drop-cap-view-stacked .elementor-drop-cap{background-color:#69727d;color:#fff}.elementor-widget-text-editor.elementor-drop-cap-view-framed .elementor-drop-cap{color:#69727d;border:3px solid;background-color:transparent}.elementor-widget-text-editor:not(.elementor-drop-cap-view-default) .elementor-drop-cap{margin-top:8px}.elementor-widget-text-editor:not(.elementor-drop-cap-view-default) .elementor-drop-cap-letter{width:1em;height:1em}.elementor-widget-text-editor .elementor-drop-cap{float:left;text-align:center;line-height:1;font-size:50px}.elementor-widget-text-editor .elementor-drop-cap-letter{display:inline-block}<\/style>\t\t\t\t<p>Ainodoll.com ist die offizielle Website f\u00fcr Mini-Sexpuppen. Wir sind ein Sexpuppen-Team aus China und haben 6 Jahre Erfahrung im Online-Verkauf von Sexpuppen. Derzeit werden unsere Mini-Sexpuppen haupts\u00e4chlich nach Nordamerika, Europa, Japan und Australien verkauft.<\/p>\t\t\t\t\t\t<\/div>\n\t\t\t\t<\/div>\n\t\t\t\t\t<\/div>\n\t\t<\/div>\n\t\t\t\t\t<\/div>\n\t\t<\/section>\n\t\t\t\t<div class=\"elementor-element elementor-element-1a33b11d m-b-xl elementor-widget elementor-widget-heading\" data-id=\"1a33b11d\" data-element_type=\"widget\" data-widget_type=\"heading.default\">\n\t\t\t\t<div class=\"elementor-widget-container\">\n\t\t\t<h2 class=\"elementor-heading-title elementor-size-default\">Warum uns w\u00e4hlen<\/h2>\t\t<\/div>\n\t\t\t\t<\/div>\n\t\t\t\t<section class=\"elementor-section elementor-inner-section elementor-element elementor-element-404f4648 elementor-section-full_width mb-4 pb-1 elementor-section-height-default elementor-section-height-default\" data-id=\"404f4648\" data-element_type=\"section\">\n\t\t\t\t\t\t<div class=\"elementor-container elementor-column-gap-default\">\n\t\t\t\t\t<div class=\"elementor-column elementor-col-100 elementor-inner-column elementor-element elementor-element-6a15efb2\" data-id=\"6a15efb2\" data-element_type=\"column\">\n\t\t\t<div class=\"elementor-widget-wrap elementor-element-populated\">\n\t\t\t\t\t\t<div class=\"elementor-element elementor-element-f38a1ea color-scheme-inherit text-left elementor-widget elementor-widget-text-editor\" data-id=\"f38a1ea\" data-element_type=\"widget\" data-widget_type=\"text-editor.default\">\n\t\t\t\t<div class=\"elementor-widget-container\">\n\t\t\t\t\t\t\t<h5>*100% Authentische, zertifizierte Original-Sexpuppen aus der Fabrik<\/h5><p>Als professioneller Anbieter von Mini-Sexpuppen bieten wir ausschlie\u00dflich hochwertige Puppenprodukte an und arbeiten mit Herstellern zusammen, die unsere Qualit\u00e4tsanforderungen erf\u00fcllen, wie etwa WM Dolls, Irontech Doll, 6Ye Doll usw.<br \/>Wir wissen, was Sie wollen, wenn Sie eine hochwertige Sexpuppe kaufen, und wir haben eine Auswahl lebensechter Sexpuppen nur f\u00fcr Sie. Unsere Puppen sind das Ergebnis eines pr\u00e4zisen Designs, das ihre Verwendung aufregend und anregend macht. Unsere Liebespuppen werden von Profis handmodelliert, die viel Zeit investieren, um jedes Detail herauszuarbeiten. Bei ainodoll sind wir stolz auf unsere Liebe zum Detail und unsere Produktqualit\u00e4t und garantieren daher die Zufriedenheit unserer Kunden.<\/p><h5>*Riesige Puppensammlung (\u00fcber 2000 Minipuppen)<\/h5><p>Unsere Puppenfabrik entwickelt jede Woche neue Modelle, um neue Liebespuppen hinzuzuf\u00fcgen. Bei so vielen K\u00f6rper- und Kopfformen zur Auswahl ist alles m\u00f6glich! Von gro\u00dfen, \u00fcppigen Modellen bis hin zu d\u00fcnnen und flinken Babes kann jeder Geschmack bedient werden. Dazu geh\u00f6ren auch einige unserer exotischen Liebhaber, darunter Elfensch\u00f6nheiten und mollige Mamas. Mit austauschbaren K\u00f6pfen war es nie einfacher, Dinge zu vermischen und etwas Neues auszuprobieren!<\/p><h5>*Sichere Bezahlung<\/h5><p>Unsere Website ist SSL-verschl\u00fcsselt und wir verwenden auch PayPal, um Ihre Privatsph\u00e4re und Sicherheit zu gew\u00e4hrleisten. Wir werden Ihre Bestellung erst bearbeiten, wenn wir best\u00e4tigen, dass Ihre Zahlungsinformationen legitim sind. Alle unsere Banktransaktionen, alle ausgef\u00fchrten, basieren nicht auf der Art des Produkts. Wir verpflichten uns, ein H\u00f6chstma\u00df an Privatsph\u00e4re zu gew\u00e4hrleisten und werden Ihre pers\u00f6nlichen Daten niemals an Dritte weitergeben. Weitere Zahlungsinformationen finden Sie auf der Seite mit den Zahlungshinweisen.<\/p><h5>* Erschwinglicher und fairer Preis<\/h5><p>Wenn Sie bei ainodoll.com Sexpuppen kaufen, k\u00f6nnen Sie sicher sein, dass Sie immer etwas finden, das Ihrem Budget entspricht. Unser Angebot an Luxus-Sexpuppen ist zu vern\u00fcnftigen Preisen erh\u00e4ltlich. Unser Ziel ist es, Ihnen eine Sexpuppe anzubieten, die Ihnen hervorragende Dienste leistet und erschwinglich ist.<\/p><h5>*Kein Betrug &amp; Zufriedenheitskaufgarantie<\/h5>\t\t\t\t\t\t<\/div>\n\t\t\t\t<\/div>\n\t\t\t\t\t<\/div>\n\t\t<\/div>\n\t\t\t\t\t<\/div>\n\t\t<\/section>\n\t\t\t\t<section class=\"elementor-section elementor-inner-section elementor-element elementor-element-47670a94 elementor-section-full_width elementor-section-height-default elementor-section-height-default\" data-id=\"47670a94\" data-element_type=\"section\">\n\t\t\t\t\t\t<div class=\"elementor-container elementor-column-gap-default\">\n\t\t\t\t\t<div class=\"elementor-column elementor-col-100 elementor-inner-column elementor-element elementor-element-37e64a0a\" data-id=\"37e64a0a\" data-element_type=\"column\">\n\t\t\t<div class=\"elementor-widget-wrap elementor-element-populated\">\n\t\t\t\t\t\t<div class=\"elementor-element elementor-element-1012628c color-scheme-inherit text-left elementor-widget elementor-widget-text-editor\" data-id=\"1012628c\" data-element_type=\"widget\" data-widget_type=\"text-editor.default\">\n\t\t\t\t<div class=\"elementor-widget-container\">\n\t\t\t\t\t\t\t<p>Wir bieten keine Produkte mit falscher Werbung an und behandeln jeden Kunden, der Sexpuppen liebt, aufrichtig und hei\u00dfen ihn willkommen.<\/p><p>Au\u00dferdem arbeiten wir hart daran, sicherzustellen, dass Sie die bestm\u00f6gliche Sexpuppe erhalten. Wir \u00fcberpr\u00fcfen jede einzelne Puppe visuell von Kopf bis Fu\u00df, bevor wir unsere Genehmigung erteilen, dass sie zu Ihnen nach Hause kommt. Sie geht nicht, bis sie gestorben ist. Wir k\u00f6nnen sogar sicherstellen, dass kleine Dinge, die Sie m\u00f6glicherweise speziell angefordert haben, gem\u00e4\u00df Ihren Vorgaben erledigt werden.<\/p><p>Sollte bei Erhalt Ihrer Puppe ein Fehler bei Ihrer Bestellung vorliegen (Defekte oder falsche Lieferung), werden wir ihn beheben oder ersetzen. Weitere Informationen finden Sie auf der Seite R\u00fcckgabebedingungen.<\/p>\t\t\t\t\t\t<\/div>\n\t\t\t\t<\/div>\n\t\t\t\t\t<\/div>\n\t\t<\/div>\n\t\t\t\t\t<\/div>\n\t\t<\/section>\n\t\t\t\t\t<\/div>\n\t\t<\/div>\n\t\t\t\t\t<\/div>\n\t\t<\/section>\n\t\t\t\t<\/div>","protected":false},"excerpt":{"rendered":"<p>\u00dcBER AINODOLL Wer wir sind Ainodoll.com ist die offizielle Website f\u00fcr Mini-Sexpuppen. Wir sind ein Sexpuppen-Team<\/p>","protected":false},"author":1,"featured_media":0,"parent":0,"menu_order":0,"comment_status":"closed","ping_status":"closed","template":"","meta":{"footnotes":""},"aioseo_notices":[],"_links":{"self":[{"href":"https:\/\/sexpuppexxx.com\/de\/wp-json\/wp\/v2\/pages\/15592"}],"collection":[{"href":"https:\/\/sexpuppexxx.com\/de\/wp-json\/wp\/v2\/pages"}],"about":[{"href":"https:\/\/sexpuppexxx.com\/de\/wp-json\/wp\/v2\/types\/page"}],"author":[{"embeddable":true,"href":"https:\/\/sexpuppexxx.com\/de\/wp-json\/wp\/v2\/users\/1"}],"replies":[{"embeddable":true,"href":"https:\/\/sexpuppexxx.com\/de\/wp-json\/wp\/v2\/comments?post=15592"}],"version-history":[{"count":9,"href":"https:\/\/sexpuppexxx.com\/de\/wp-json\/wp\/v2\/pages\/15592\/revisions"}],"predecessor-version":[{"id":21455,"href":"https:\/\/sexpuppexxx.com\/de\/wp-json\/wp\/v2\/pages\/15592\/revisions\/21455"}],"wp:attachment":[{"href":"https:\/\/sexpuppexxx.com\/de\/wp-json\/wp\/v2\/media?parent=15592"}],"curies":[{"name":"wp","href":"https:\/\/api.w.org\/{rel}","templated":true}]}}